{"id":5682,"date":"2025-02-01T21:00:42","date_gmt":"2025-02-01T20:00:42","guid":{"rendered":"https:\/\/www.echobasecon.nl\/?page_id=5682"},"modified":"2025-02-01T21:00:42","modified_gmt":"2025-02-01T20:00:42","slug":"eb-vip-julian-glover","status":"publish","type":"page","link":"https:\/\/www.echobasecon.nl\/en\/eb-vip-julian-glover\/","title":{"rendered":"EB VIP &#8211; Julian Glover"},"content":{"rendered":"<p><strong>Few actors can claim to have left their mark on some of the most beloved franchises in film and television history, but Julian Glover is one of them. Born on March 27, 1935, he has enjoyed a career spanning over six decades, bringing to life unforgettable characters in <em>Star Wars<\/em>, <em>Indiana Jones<\/em>, <em>Harry Potter<\/em>, <em>Game of Thrones<\/em> and <em>James Bond<\/em>. His commanding presence and distinctive voice have made him a favorite among fans worldwide.<\/strong><\/p>\n<p>In <em>Star Wars: The Empire Strikes Back<\/em> (1980), Julian Glover took on the role of General Maximilian Veers, the ruthless Imperial officer who led the AT-AT assault on the Rebel base during the Battle of Hoth. His performance as the cold and calculating general, unwavering in his loyalty to the Empire, made a lasting impression on audiences. Even decades later, General Veers remains one of the most memorable military figures in the <em>Star Wars<\/em>saga.<\/p>\n<div id=\"attachment_5683\" style=\"width: 810px\" class=\"wp-caption aligncenter\"><img loading=\"lazy\" decoding=\"async\" aria-describedby=\"caption-attachment-5683\" class=\"wp-image-5683\" src=\"https:\/\/www.echobasecon.nl\/wp-content\/uploads\/2025\/02\/Veers.avif\" alt=\"\" width=\"800\" height=\"400\" srcset=\"https:\/\/www.echobasecon.nl\/wp-content\/uploads\/2025\/02\/Veers.avif 1400w, https:\/\/www.echobasecon.nl\/wp-content\/uploads\/2025\/02\/Veers-300x150.avif 300w, https:\/\/www.echobasecon.nl\/wp-content\/uploads\/2025\/02\/Veers-1024x512.avif 1024w, https:\/\/www.echobasecon.nl\/wp-content\/uploads\/2025\/02\/Veers-768x384.avif 768w, https:\/\/www.echobasecon.nl\/wp-content\/uploads\/2025\/02\/Veers-18x9.avif 18w\" sizes=\"auto, (max-width: 800px) 100vw, 800px\" \/><p id=\"caption-attachment-5683\" class=\"wp-caption-text\">Julian Glover in The Empire Strikes Back<\/p><\/div>\n<p>Besides <em>Star Wars<\/em> , Glover has played iconic villains and mentors alike. In <em>Indiana Jones and the Last Crusade<\/em> (1989), he portrayed the cunning Walter Donovan, whose greed led to his unforgettable demise after drinking from the wrong Holy Grail. He later appeared as the sinister Aragog in <em>Harry Potter and the Chamber of Secrets<\/em> (2002), lending his voice to the giant spider. More recently, he gained a new generation of fans as Grand Maester Pycelle in <em>Game of Thrones<\/em>, masterfully portraying the seemingly frail yet deeply manipulative advisor to the Lannisters. Bond fans also remember him as the villainous Aristotle Kristatos in <em>For Your Eyes Only<\/em> , a cold and calculating smuggler who posed a serious threat to Roger Moore\u2019s 007.<\/p>\n<div id=\"attachment_5684\" style=\"width: 810px\" class=\"wp-caption aligncenter\"><img loading=\"lazy\" decoding=\"async\" aria-describedby=\"caption-attachment-5684\" class=\"wp-image-5684\" src=\"https:\/\/www.echobasecon.nl\/wp-content\/uploads\/2025\/02\/Donovan.jpg\" alt=\"\" width=\"800\" height=\"450\" srcset=\"https:\/\/www.echobasecon.nl\/wp-content\/uploads\/2025\/02\/Donovan.jpg 1200w, https:\/\/www.echobasecon.nl\/wp-content\/uploads\/2025\/02\/Donovan-300x169.jpg 300w, https:\/\/www.echobasecon.nl\/wp-content\/uploads\/2025\/02\/Donovan-1024x576.jpg 1024w, https:\/\/www.echobasecon.nl\/wp-content\/uploads\/2025\/02\/Donovan-768x432.jpg 768w, https:\/\/www.echobasecon.nl\/wp-content\/uploads\/2025\/02\/Donovan-18x10.jpg 18w\" sizes=\"auto, (max-width: 800px) 100vw, 800px\" \/><p id=\"caption-attachment-5684\" class=\"wp-caption-text\">Julian Glover in Indiana Jones and the Last Crusade<\/p><\/div>\n<p>Julian Glover\u2019s incredible body of work has made him a true legend in the world of film and television. Echo Base Con is honored to welcome him as a special guest!<\/p>","protected":false},"excerpt":{"rendered":"<p>Weinig acteurs kunnen zeggen dat ze hun stempel hebben gedrukt op enkele van de meest geliefde franchises in de film- en televisiegeschiedenis, maar Julian Glover is daar \u00e9\u00e9n van. Geboren op 27 maart 1935, heeft hij een carri\u00e8re van meer dan zestig jaar achter de rug, waarin hij onvergetelijke personages tot leven bracht in Star [&hellip;]<\/p>\n","protected":false},"author":2,"featured_media":0,"parent":0,"menu_order":0,"comment_status":"closed","ping_status":"closed","template":"","meta":{"footnotes":""},"class_list":["post-5682","page","type-page","status-publish","hentry"],"yoast_head":"<!-- This site is optimized with the Yoast SEO plugin v27.4 - https:\/\/yoast.com\/product\/yoast-seo-wordpress\/ -->\n<title>EB VIP - Julian Glover - Echo Base Con<\/title>\n<meta name=\"description\" content=\"Ontmoet Star Wars-acteur Julian Glover uit The Empire Strikes Back op Echo Base Con 2025, h\u00e9t Star Wars-event van de Benelux.\" \/>\n<meta name=\"robots\" content=\"index, follow, max-snippet:-1, max-image-preview:large, max-video-preview:-1\" \/>\n<link rel=\"canonical\" href=\"https:\/\/www.echobasecon.nl\/en\/eb-vip-julian-glover\/\" \/>\n<meta property=\"og:locale\" content=\"en_GB\" \/>\n<meta property=\"og:type\" content=\"article\" \/>\n<meta property=\"og:title\" content=\"EB VIP - Julian Glover - Echo Base Con\" \/>\n<meta property=\"og:description\" content=\"Ontmoet Star Wars-acteur Julian Glover uit The Empire Strikes Back op Echo Base Con 2025, h\u00e9t Star Wars-event van de Benelux.\" \/>\n<meta property=\"og:url\" content=\"https:\/\/www.echobasecon.nl\/en\/eb-vip-julian-glover\/\" \/>\n<meta property=\"og:site_name\" content=\"Echo Base\" \/>\n<meta property=\"article:publisher\" content=\"https:\/\/www.facebook.com\/EchoBaseCon\/\" \/>\n<meta name=\"twitter:card\" content=\"summary_large_image\" \/>\n<meta name=\"twitter:site\" content=\"@EchoBaseCon\" \/>\n<meta name=\"twitter:label1\" content=\"Estimated reading time\" \/>\n\t<meta name=\"twitter:data1\" content=\"3 minutes\" \/>\n<script type=\"application\/ld+json\" class=\"yoast-schema-graph\">{\"@context\":\"https:\\\/\\\/schema.org\",\"@graph\":[{\"@type\":\"WebPage\",\"@id\":\"https:\\\/\\\/www.echobasecon.nl\\\/eb-vip-julian-glover\\\/\",\"url\":\"https:\\\/\\\/www.echobasecon.nl\\\/eb-vip-julian-glover\\\/\",\"name\":\"EB VIP - Julian Glover - Echo Base Con\",\"isPartOf\":{\"@id\":\"https:\\\/\\\/www.echobasecon.nl\\\/#website\"},\"primaryImageOfPage\":{\"@id\":\"https:\\\/\\\/www.echobasecon.nl\\\/eb-vip-julian-glover\\\/#primaryimage\"},\"image\":{\"@id\":\"https:\\\/\\\/www.echobasecon.nl\\\/eb-vip-julian-glover\\\/#primaryimage\"},\"thumbnailUrl\":\"https:\\\/\\\/www.echobasecon.nl\\\/wp-content\\\/uploads\\\/2025\\\/02\\\/Veers.avif\",\"datePublished\":\"2025-02-01T20:00:42+00:00\",\"description\":\"Ontmoet Star Wars-acteur Julian Glover uit The Empire Strikes Back op Echo Base Con 2025, h\u00e9t Star Wars-event van de Benelux.\",\"breadcrumb\":{\"@id\":\"https:\\\/\\\/www.echobasecon.nl\\\/eb-vip-julian-glover\\\/#breadcrumb\"},\"inLanguage\":\"en-GB\",\"potentialAction\":[{\"@type\":\"ReadAction\",\"target\":[\"https:\\\/\\\/www.echobasecon.nl\\\/eb-vip-julian-glover\\\/\"]}]},{\"@type\":\"ImageObject\",\"inLanguage\":\"en-GB\",\"@id\":\"https:\\\/\\\/www.echobasecon.nl\\\/eb-vip-julian-glover\\\/#primaryimage\",\"url\":\"https:\\\/\\\/www.echobasecon.nl\\\/wp-content\\\/uploads\\\/2025\\\/02\\\/Veers.avif\",\"contentUrl\":\"https:\\\/\\\/www.echobasecon.nl\\\/wp-content\\\/uploads\\\/2025\\\/02\\\/Veers.avif\"},{\"@type\":\"BreadcrumbList\",\"@id\":\"https:\\\/\\\/www.echobasecon.nl\\\/eb-vip-julian-glover\\\/#breadcrumb\",\"itemListElement\":[{\"@type\":\"ListItem\",\"position\":1,\"name\":\"Home\",\"item\":\"https:\\\/\\\/www.echobasecon.nl\\\/\"},{\"@type\":\"ListItem\",\"position\":2,\"name\":\"EB VIP &#8211; Julian Glover\"}]},{\"@type\":\"WebSite\",\"@id\":\"https:\\\/\\\/www.echobasecon.nl\\\/#website\",\"url\":\"https:\\\/\\\/www.echobasecon.nl\\\/\",\"name\":\"Echo Base Con\",\"description\":\"A Star Wars Event  | 24 mei 2025 | 10:00-17:30 | Path\u00e9 Amsterdam Noord\",\"publisher\":{\"@id\":\"https:\\\/\\\/www.echobasecon.nl\\\/#organization\"},\"potentialAction\":[{\"@type\":\"SearchAction\",\"target\":{\"@type\":\"EntryPoint\",\"urlTemplate\":\"https:\\\/\\\/www.echobasecon.nl\\\/?s={search_term_string}\"},\"query-input\":{\"@type\":\"PropertyValueSpecification\",\"valueRequired\":true,\"valueName\":\"search_term_string\"}}],\"inLanguage\":\"en-GB\"},{\"@type\":\"Organization\",\"@id\":\"https:\\\/\\\/www.echobasecon.nl\\\/#organization\",\"name\":\"Echo Base\",\"url\":\"https:\\\/\\\/www.echobasecon.nl\\\/\",\"logo\":{\"@type\":\"ImageObject\",\"inLanguage\":\"en-GB\",\"@id\":\"https:\\\/\\\/www.echobasecon.nl\\\/#\\\/schema\\\/logo\\\/image\\\/\",\"url\":\"https:\\\/\\\/www.echobasecon.nl\\\/wp-content\\\/uploads\\\/2023\\\/02\\\/cropped-Echo-Base-Charity-Con-Logo-2022-GLOW.png\",\"contentUrl\":\"https:\\\/\\\/www.echobasecon.nl\\\/wp-content\\\/uploads\\\/2023\\\/02\\\/cropped-Echo-Base-Charity-Con-Logo-2022-GLOW.png\",\"width\":3504,\"height\":1915,\"caption\":\"Echo Base\"},\"image\":{\"@id\":\"https:\\\/\\\/www.echobasecon.nl\\\/#\\\/schema\\\/logo\\\/image\\\/\"},\"sameAs\":[\"https:\\\/\\\/www.facebook.com\\\/EchoBaseCon\\\/\",\"https:\\\/\\\/x.com\\\/EchoBaseCon\",\"https:\\\/\\\/www.instagram.com\\\/echobasecon\\\/\",\"https:\\\/\\\/www.youtube.com\\\/channel\\\/UCdoihLiSe0QPVsJ3ad9mZbQ\"]}]}<\/script>\n<!-- \/ Yoast SEO plugin. -->","yoast_head_json":{"title":"EB VIP - Julian Glover - Echo Base Con","description":"Ontmoet Star Wars-acteur Julian Glover uit The Empire Strikes Back op Echo Base Con 2025, h\u00e9t Star Wars-event van de Benelux.","robots":{"index":"index","follow":"follow","max-snippet":"max-snippet:-1","max-image-preview":"max-image-preview:large","max-video-preview":"max-video-preview:-1"},"canonical":"https:\/\/www.echobasecon.nl\/en\/eb-vip-julian-glover\/","og_locale":"en_GB","og_type":"article","og_title":"EB VIP - Julian Glover - Echo Base Con","og_description":"Ontmoet Star Wars-acteur Julian Glover uit The Empire Strikes Back op Echo Base Con 2025, h\u00e9t Star Wars-event van de Benelux.","og_url":"https:\/\/www.echobasecon.nl\/en\/eb-vip-julian-glover\/","og_site_name":"Echo Base","article_publisher":"https:\/\/www.facebook.com\/EchoBaseCon\/","twitter_card":"summary_large_image","twitter_site":"@EchoBaseCon","twitter_misc":{"Estimated reading time":"3 minutes"},"schema":{"@context":"https:\/\/schema.org","@graph":[{"@type":"WebPage","@id":"https:\/\/www.echobasecon.nl\/eb-vip-julian-glover\/","url":"https:\/\/www.echobasecon.nl\/eb-vip-julian-glover\/","name":"EB VIP - Julian Glover - Echo Base Con","isPartOf":{"@id":"https:\/\/www.echobasecon.nl\/#website"},"primaryImageOfPage":{"@id":"https:\/\/www.echobasecon.nl\/eb-vip-julian-glover\/#primaryimage"},"image":{"@id":"https:\/\/www.echobasecon.nl\/eb-vip-julian-glover\/#primaryimage"},"thumbnailUrl":"https:\/\/www.echobasecon.nl\/wp-content\/uploads\/2025\/02\/Veers.avif","datePublished":"2025-02-01T20:00:42+00:00","description":"Ontmoet Star Wars-acteur Julian Glover uit The Empire Strikes Back op Echo Base Con 2025, h\u00e9t Star Wars-event van de Benelux.","breadcrumb":{"@id":"https:\/\/www.echobasecon.nl\/eb-vip-julian-glover\/#breadcrumb"},"inLanguage":"en-GB","potentialAction":[{"@type":"ReadAction","target":["https:\/\/www.echobasecon.nl\/eb-vip-julian-glover\/"]}]},{"@type":"ImageObject","inLanguage":"en-GB","@id":"https:\/\/www.echobasecon.nl\/eb-vip-julian-glover\/#primaryimage","url":"https:\/\/www.echobasecon.nl\/wp-content\/uploads\/2025\/02\/Veers.avif","contentUrl":"https:\/\/www.echobasecon.nl\/wp-content\/uploads\/2025\/02\/Veers.avif"},{"@type":"BreadcrumbList","@id":"https:\/\/www.echobasecon.nl\/eb-vip-julian-glover\/#breadcrumb","itemListElement":[{"@type":"ListItem","position":1,"name":"Home","item":"https:\/\/www.echobasecon.nl\/"},{"@type":"ListItem","position":2,"name":"EB VIP &#8211; Julian Glover"}]},{"@type":"WebSite","@id":"https:\/\/www.echobasecon.nl\/#website","url":"https:\/\/www.echobasecon.nl\/","name":"Echo Base Con","description":"A Star Wars Event  | 24 mei 2025 | 10:00-17:30 | Path\u00e9 Amsterdam Noord","publisher":{"@id":"https:\/\/www.echobasecon.nl\/#organization"},"potentialAction":[{"@type":"SearchAction","target":{"@type":"EntryPoint","urlTemplate":"https:\/\/www.echobasecon.nl\/?s={search_term_string}"},"query-input":{"@type":"PropertyValueSpecification","valueRequired":true,"valueName":"search_term_string"}}],"inLanguage":"en-GB"},{"@type":"Organization","@id":"https:\/\/www.echobasecon.nl\/#organization","name":"Echo Base","url":"https:\/\/www.echobasecon.nl\/","logo":{"@type":"ImageObject","inLanguage":"en-GB","@id":"https:\/\/www.echobasecon.nl\/#\/schema\/logo\/image\/","url":"https:\/\/www.echobasecon.nl\/wp-content\/uploads\/2023\/02\/cropped-Echo-Base-Charity-Con-Logo-2022-GLOW.png","contentUrl":"https:\/\/www.echobasecon.nl\/wp-content\/uploads\/2023\/02\/cropped-Echo-Base-Charity-Con-Logo-2022-GLOW.png","width":3504,"height":1915,"caption":"Echo Base"},"image":{"@id":"https:\/\/www.echobasecon.nl\/#\/schema\/logo\/image\/"},"sameAs":["https:\/\/www.facebook.com\/EchoBaseCon\/","https:\/\/x.com\/EchoBaseCon","https:\/\/www.instagram.com\/echobasecon\/","https:\/\/www.youtube.com\/channel\/UCdoihLiSe0QPVsJ3ad9mZbQ"]}]}},"_links":{"self":[{"href":"https:\/\/www.echobasecon.nl\/en\/wp-json\/wp\/v2\/pages\/5682","targetHints":{"allow":["GET"]}}],"collection":[{"href":"https:\/\/www.echobasecon.nl\/en\/wp-json\/wp\/v2\/pages"}],"about":[{"href":"https:\/\/www.echobasecon.nl\/en\/wp-json\/wp\/v2\/types\/page"}],"author":[{"embeddable":true,"href":"https:\/\/www.echobasecon.nl\/en\/wp-json\/wp\/v2\/users\/2"}],"replies":[{"embeddable":true,"href":"https:\/\/www.echobasecon.nl\/en\/wp-json\/wp\/v2\/comments?post=5682"}],"version-history":[{"count":1,"href":"https:\/\/www.echobasecon.nl\/en\/wp-json\/wp\/v2\/pages\/5682\/revisions"}],"predecessor-version":[{"id":5685,"href":"https:\/\/www.echobasecon.nl\/en\/wp-json\/wp\/v2\/pages\/5682\/revisions\/5685"}],"wp:attachment":[{"href":"https:\/\/www.echobasecon.nl\/en\/wp-json\/wp\/v2\/media?parent=5682"}],"curies":[{"name":"wp","href":"https:\/\/api.w.org\/{rel}","templated":true}]}}